{"id":8,"date":"2020-05-26T19:08:16","date_gmt":"2020-05-26T17:08:16","guid":{"rendered":"https:\/\/hytteferier.no\/?page_id=8"},"modified":"2023-01-10T06:09:17","modified_gmt":"2023-01-10T05:09:17","slug":"8-2","status":"publish","type":"page","link":"https:\/\/hytteferier.no\/","title":{"rendered":"Hovedside"},"content":{"rendered":"\n<h2>\n\t\tHytte n\u00e6r Skarnsundet\n\t<\/h2>\n\t<p>Midt mellom Rostad og Skarnsundet nede ved fjorden p\u00e5 Inder\u00f8y ligger denne idylliske plassen.<\/p>\n<p>Idyllisk plass for langtidsleie og enkeltovernatting p\u00e5 foresp\u00f8rsel. Hytta er fullt utstyrt og ligger ned mot Trondheimsfjorden. Her er det gode bade &#8211; og fiskemuligheter. Like forbi hytta g\u00e5r en av Inder\u00f8ys mange kulturstier. Den forteller lokale historier og kan anbefales. Velkommen til oss.<\/p>\n<h2>\n\t\tPriser og booking\n\t<\/h2>\n\t<p>Stor og romslig hytte med 3 soverom. Fullt utstyrt, og med fantastisk beliggenhet og utsikt ! I 2 av soverommene er det familiek\u00f8yer &#8211; med 1,20 senger nede. \u00c5pen kj\u00f8kkenl\u00f8sning med alt av utstyr, inkl. oppvaskmaskin. Flott stue med peis. Radio og satelitt-TV. Eget naust ved sj\u00f8kanten med fryser og sl\u00f8yeplass.<\/p>\n<strong>Booking:<\/strong><br \/>\nTelefon: +47 957 22 109<br \/>\n<a href=\"mailto:edvinulvin@gmail.com\">edvinulvin@gmail.com<\/a>\n\n","protected":false},"excerpt":{"rendered":"<p>Hytte n\u00e6r Skarnsundet Midt mellom Rostad og Skarnsundet nede ved fjorden p\u00e5 Inder\u00f8y ligger denne idylliske plassen. Idyllisk plass for langtidsleie og enkeltovernatting p\u00e5 foresp\u00f8rsel. Hytta er fullt utstyrt og ligger ned mot Trondheimsfjorden. Her er det gode bade &#8211; og fiskemuligheter. Like forbi hytta g\u00e5r en av Inder\u00f8ys mange kulturstier. Den forteller lokale historier &#8230; <a title=\"Hovedside\" class=\"read-more\" href=\"https:\/\/hytteferier.no\/\" aria-label=\"Read more about Hovedside\">Les mer<\/a><\/p>\n","protected":false},"author":1,"featured_media":0,"parent":0,"menu_order":0,"comment_status":"closed","ping_status":"closed","template":"","meta":{"footnotes":""},"class_list":["post-8","page","type-page","status-publish"],"aioseo_notices":[],"_links":{"self":[{"href":"https:\/\/hytteferier.no\/index.php\/wp-json\/wp\/v2\/pages\/8","targetHints":{"allow":["GET"]}}],"collection":[{"href":"https:\/\/hytteferier.no\/index.php\/wp-json\/wp\/v2\/pages"}],"about":[{"href":"https:\/\/hytteferier.no\/index.php\/wp-json\/wp\/v2\/types\/page"}],"author":[{"embeddable":true,"href":"https:\/\/hytteferier.no\/index.php\/wp-json\/wp\/v2\/users\/1"}],"replies":[{"embeddable":true,"href":"https:\/\/hytteferier.no\/index.php\/wp-json\/wp\/v2\/comments?post=8"}],"version-history":[{"count":14,"href":"https:\/\/hytteferier.no\/index.php\/wp-json\/wp\/v2\/pages\/8\/revisions"}],"predecessor-version":[{"id":91,"href":"https:\/\/hytteferier.no\/index.php\/wp-json\/wp\/v2\/pages\/8\/revisions\/91"}],"wp:attachment":[{"href":"https:\/\/hytteferier.no\/index.php\/wp-json\/wp\/v2\/media?parent=8"}],"curies":[{"name":"wp","href":"https:\/\/api.w.org\/{rel}","templated":true}]}}