{"id":74,"date":"2020-06-27T21:34:49","date_gmt":"2020-06-27T19:34:49","guid":{"rendered":"https:\/\/hytteferier.no\/?page_id=74"},"modified":"2020-06-27T22:11:21","modified_gmt":"2020-06-27T20:11:21","slug":"fiskeferie","status":"publish","type":"page","link":"https:\/\/hytteferier.no\/index.php\/fiskeferie\/","title":{"rendered":"Fiskeferie"},"content":{"rendered":"<h2>\n\t\tFiske i Skarnsundet\n\t<\/h2>\n\t<p>Fiskeplassene ligger rett utenfor hytta og varierende dybdeforhold gj\u00f8r dette til en spennende plass. Dorging etter sj\u00f8\u00f8rreten kan gi god fangst. Med b\u00e5ten p\u00e5 17 fot og 30 hk motor ligger Skarnsundet, kjent som en meget god fiskeplass for stor sei, brosme og hyse, 5 minutter unna.<\/p>\n<h2>\n\t\tB\u00e5ter\n\t<\/h2>\n\t<p>Vi kan tilby to 17 fots b\u00e5ter med 30\/40 HP, 4 takts motorer. Ekkolodd og styrekonsoll.<\/p>\n\t\t\t\t<img loading=\"lazy\" decoding=\"async\" src=\"https:\/\/hytteferier.no\/wp-content\/uploads\/2020\/05\/IMG_4246-scaled.jpg\" alt=\"Stort sl\u00f8yehus med frysekapasitet\" itemprop=\"image\" height=\"1707\" width=\"2560\" title=\"IMG_4246\" onerror=\"this.style.display='none'\"  \/>\n\t\tStort sl\u00f8yehus med frysekapasitet\n","protected":false},"excerpt":{"rendered":"<p>Fiske i Skarnsundet Fiskeplassene ligger rett utenfor hytta og varierende dybdeforhold gj\u00f8r dette til en spennende plass. Dorging etter sj\u00f8\u00f8rreten kan gi god fangst. Med b\u00e5ten p\u00e5 17 fot og 30 hk motor ligger Skarnsundet, kjent som en meget god fiskeplass for stor sei, brosme og hyse, 5 minutter unna. B\u00e5ter Vi kan tilby to &#8230; <a title=\"Fiskeferie\" class=\"read-more\" href=\"https:\/\/hytteferier.no\/index.php\/fiskeferie\/\" aria-label=\"Read more about Fiskeferie\">Les mer<\/a><\/p>\n","protected":false},"author":1,"featured_media":75,"parent":0,"menu_order":0,"comment_status":"closed","ping_status":"closed","template":"","meta":{"footnotes":""},"class_list":["post-74","page","type-page","status-publish","has-post-thumbnail"],"aioseo_notices":[],"_links":{"self":[{"href":"https:\/\/hytteferier.no\/index.php\/wp-json\/wp\/v2\/pages\/74","targetHints":{"allow":["GET"]}}],"collection":[{"href":"https:\/\/hytteferier.no\/index.php\/wp-json\/wp\/v2\/pages"}],"about":[{"href":"https:\/\/hytteferier.no\/index.php\/wp-json\/wp\/v2\/types\/page"}],"author":[{"embeddable":true,"href":"https:\/\/hytteferier.no\/index.php\/wp-json\/wp\/v2\/users\/1"}],"replies":[{"embeddable":true,"href":"https:\/\/hytteferier.no\/index.php\/wp-json\/wp\/v2\/comments?post=74"}],"version-history":[{"count":6,"href":"https:\/\/hytteferier.no\/index.php\/wp-json\/wp\/v2\/pages\/74\/revisions"}],"predecessor-version":[{"id":88,"href":"https:\/\/hytteferier.no\/index.php\/wp-json\/wp\/v2\/pages\/74\/revisions\/88"}],"wp:featuredmedia":[{"embeddable":true,"href":"https:\/\/hytteferier.no\/index.php\/wp-json\/wp\/v2\/media\/75"}],"wp:attachment":[{"href":"https:\/\/hytteferier.no\/index.php\/wp-json\/wp\/v2\/media?parent=74"}],"curies":[{"name":"wp","href":"https:\/\/api.w.org\/{rel}","templated":true}]}}