{"id":62,"date":"2020-06-27T20:53:02","date_gmt":"2020-06-27T18:53:02","guid":{"rendered":"https:\/\/hytteferier.no\/?page_id=62"},"modified":"2020-06-27T21:12:24","modified_gmt":"2020-06-27T19:12:24","slug":"kontakt-beliggenhet","status":"publish","type":"page","link":"https:\/\/hytteferier.no\/index.php\/kontakt-beliggenhet\/","title":{"rendered":"Kontakt \/ beliggenhet"},"content":{"rendered":"<h2>\n\t\tBooking \/ kontaktinfo\n\t<\/h2>\n\t<p><strong>Opphold kan bookes via epost eller p\u00e5 telefon:\u00a0<\/strong><\/p>\nTelefon: +47 957 22 109<br \/>\n<a href=\"mailto:edvinulvin@gmail.com\">edvinulvin@gmail.com<\/a>\n<h2>\n\t\tBeliggenhet \/ veibeskrivelse\n\t<\/h2>\n\t<p><strong>Hytta ligger p\u00e5 F\u00e5rsbakken 185 p\u00e5 Inder\u00f8y. Fra Trondheim er det ca 1t 45 minutters kj\u00f8ring, og 30 minutter fra Steinkjer.\u00a0<\/strong><\/p>\n\t\t\t<a href=\"https:\/\/www.google.com\/maps\/place\/F%C3%A5rsbakkan+185,+7670+Inder%C3%B8y\/@63.856766,11.1147741,6341m\/data=!3m1!1e3!4m5!3m4!1s0x466d60ea587f2aa5:0xfd6d522d239b3d14!8m2!3d63.8400453!4d11.1322836\" target=\"_blank\" role=\"button\" rel=\"noopener noreferrer\">\n\t\t\t\t\t\tKart\n\t\t\t\t\t<\/a>\n\t\t\t\t<a href=\"https:\/\/www.google.com\/maps\/place\/F%C3%A5rsbakkan+185,+7670+Inder%C3%B8y\/@63.856766,11.1147741,6341m\/data=!3m1!1e3!4m5!3m4!1s0x466d60ea587f2aa5:0xfd6d522d239b3d14!8m2!3d63.8400453!4d11.1322836\" target=\"_blank\" rel=\"noopener noreferrer\" itemprop=\"url\">\n\t\t\t\t<img loading=\"lazy\" decoding=\"async\" src=\"https:\/\/hytteferier.no\/wp-content\/uploads\/2020\/06\/2020-06-27_2050.png\" alt=\"2020-06-27_2050\" itemprop=\"image\" height=\"758\" width=\"993\" title=\"2020-06-27_2050\" onerror=\"this.style.display='none'\"  \/>\n\t\t\t\t<\/a>\n","protected":false},"excerpt":{"rendered":"<p>Booking \/ kontaktinfo Opphold kan bookes via epost eller p\u00e5 telefon:\u00a0 Telefon: +47 957 22 109 edvinulvin@gmail.com Beliggenhet \/ veibeskrivelse Hytta ligger p\u00e5 F\u00e5rsbakken 185 p\u00e5 Inder\u00f8y. Fra Trondheim er det ca 1t 45 minutters kj\u00f8ring, og 30 minutter fra Steinkjer.\u00a0 Kart<\/p>\n","protected":false},"author":1,"featured_media":63,"parent":0,"menu_order":0,"comment_status":"closed","ping_status":"closed","template":"","meta":{"footnotes":""},"class_list":["post-62","page","type-page","status-publish","has-post-thumbnail"],"aioseo_notices":[],"_links":{"self":[{"href":"https:\/\/hytteferier.no\/index.php\/wp-json\/wp\/v2\/pages\/62","targetHints":{"allow":["GET"]}}],"collection":[{"href":"https:\/\/hytteferier.no\/index.php\/wp-json\/wp\/v2\/pages"}],"about":[{"href":"https:\/\/hytteferier.no\/index.php\/wp-json\/wp\/v2\/types\/page"}],"author":[{"embeddable":true,"href":"https:\/\/hytteferier.no\/index.php\/wp-json\/wp\/v2\/users\/1"}],"replies":[{"embeddable":true,"href":"https:\/\/hytteferier.no\/index.php\/wp-json\/wp\/v2\/comments?post=62"}],"version-history":[{"count":7,"href":"https:\/\/hytteferier.no\/index.php\/wp-json\/wp\/v2\/pages\/62\/revisions"}],"predecessor-version":[{"id":71,"href":"https:\/\/hytteferier.no\/index.php\/wp-json\/wp\/v2\/pages\/62\/revisions\/71"}],"wp:featuredmedia":[{"embeddable":true,"href":"https:\/\/hytteferier.no\/index.php\/wp-json\/wp\/v2\/media\/63"}],"wp:attachment":[{"href":"https:\/\/hytteferier.no\/index.php\/wp-json\/wp\/v2\/media?parent=62"}],"curies":[{"name":"wp","href":"https:\/\/api.w.org\/{rel}","templated":true}]}}