{"id":33,"date":"2020-06-14T18:15:09","date_gmt":"2020-06-14T16:15:09","guid":{"rendered":"https:\/\/hytteferier.no\/?page_id=33"},"modified":"2020-06-14T18:52:13","modified_gmt":"2020-06-14T16:52:13","slug":"hytta","status":"publish","type":"page","link":"https:\/\/hytteferier.no\/index.php\/hytta\/","title":{"rendered":"Hytta"},"content":{"rendered":"\n<h2>\n\t\tOvernatting i h\u00f8ystandard hytte ved sj\u00f8en\n\t<\/h2>\n\t<p>Har du noen gang dr\u00f8mt om ditt eget sted ved sj\u00f8en ?<\/p>\n<p>Avskjermet og fredelig uten trafikk eller st\u00f8y. Kun deg og fjorden og stillheten&#8230;<\/p>\n<p>Vi tilbyr en stor og romslig hytte med 3 soverom. Fullt utstyrt, og med fantastisk beliggenhet og utsikt !<\/p>\n<p>I 2 av soverommene er det familiek\u00f8yer &#8211; med 1,20 senger nede. \u00c5pen kj\u00f8kkenl\u00f8sning med alt av utstyr, inkl. oppvaskmaskin. Flott stue med peis. Radio og satelitt-TV. Eget naust ved sj\u00f8kanten med fryser og sl\u00f8yeplass.<\/p>\n","protected":false},"excerpt":{"rendered":"<p>Overnatting i h\u00f8ystandard hytte ved sj\u00f8en Har du noen gang dr\u00f8mt om ditt eget sted ved sj\u00f8en ? Avskjermet og fredelig uten trafikk eller st\u00f8y. Kun deg og fjorden og stillheten&#8230; Vi tilbyr en stor og romslig hytte med 3 soverom. Fullt utstyrt, og med fantastisk beliggenhet og utsikt ! I 2 av soverommene er &#8230; <a title=\"Hytta\" class=\"read-more\" href=\"https:\/\/hytteferier.no\/index.php\/hytta\/\" aria-label=\"Read more about Hytta\">Les mer<\/a><\/p>\n","protected":false},"author":1,"featured_media":20,"parent":0,"menu_order":0,"comment_status":"closed","ping_status":"closed","template":"","meta":{"footnotes":""},"class_list":["post-33","page","type-page","status-publish","has-post-thumbnail"],"aioseo_notices":[],"_links":{"self":[{"href":"https:\/\/hytteferier.no\/index.php\/wp-json\/wp\/v2\/pages\/33","targetHints":{"allow":["GET"]}}],"collection":[{"href":"https:\/\/hytteferier.no\/index.php\/wp-json\/wp\/v2\/pages"}],"about":[{"href":"https:\/\/hytteferier.no\/index.php\/wp-json\/wp\/v2\/types\/page"}],"author":[{"embeddable":true,"href":"https:\/\/hytteferier.no\/index.php\/wp-json\/wp\/v2\/users\/1"}],"replies":[{"embeddable":true,"href":"https:\/\/hytteferier.no\/index.php\/wp-json\/wp\/v2\/comments?post=33"}],"version-history":[{"count":5,"href":"https:\/\/hytteferier.no\/index.php\/wp-json\/wp\/v2\/pages\/33\/revisions"}],"predecessor-version":[{"id":59,"href":"https:\/\/hytteferier.no\/index.php\/wp-json\/wp\/v2\/pages\/33\/revisions\/59"}],"wp:featuredmedia":[{"embeddable":true,"href":"https:\/\/hytteferier.no\/index.php\/wp-json\/wp\/v2\/media\/20"}],"wp:attachment":[{"href":"https:\/\/hytteferier.no\/index.php\/wp-json\/wp\/v2\/media?parent=33"}],"curies":[{"name":"wp","href":"https:\/\/api.w.org\/{rel}","templated":true}]}}